{"id":6,"date":"2022-08-18T15:22:00","date_gmt":"2022-08-18T15:22:00","guid":{"rendered":"http:\/\/forum-weesen.ch\/?page_id=5"},"modified":"2026-03-12T09:47:51","modified_gmt":"2026-03-12T09:47:51","slug":"forum","status":"publish","type":"page","link":"http:\/\/forum-weesen.ch\/","title":{"rendered":"Forum"},"content":{"rendered":"\n<pre class=\"wp-block-preformatted\">Die B\u00fcrgerforen im Jahr 2026 finden immer am Mittwoch statt, an folgenden Daten: \n25. M\u00e4rz, 17. Juni, 19. August, 4. November\nBeginn jeweils 20 Uhr\nOrt: Saal im Katholischen Kirchgemeindehaus, Weesen<\/pre>\n\n\n\n<p>An der \u00f6ffentlichen Diskussionsrunde vom 25. M\u00e4rz 2026 kommen folgende Themen zur Sprache:<\/p>\n\n\n\n<p><strong>Politische Gemeinde:<\/strong><br>&#8211; Vorstellung des neuen Gesch\u00e4ftsberichtes: digital verf\u00fcgbar via QR-Code<br>&#8211; Ausf\u00fchrungen zur Jahresrechnung 2025<br>&#8211; Erl\u00e4uterungen zum Budget 2026<\/p>\n\n\n\n<p><strong>Primarschulgemeinde:<\/strong><br>&#8211; Vorstellung Jahresrechnung 2025 und Budget 2026<\/p>\n\n\n\n<p><strong>Ortsgemeinde:<\/strong><br>&#8211; Vorstellung des Projekts Gemeinn\u00fctziger Wohnungsbau im Moos<\/p>\n\n\n\n<p><\/p>\n\n\n\n<p><\/p>\n\n\n\n<p><\/p>\n\n\n\n<p><\/p>\n\n\n\n<p><\/p>\n\n\n\n<p><\/p>\n\n\n\n<p><\/p>\n\n\n\n<p><\/p>\n\n\n\n<p><\/p>\n\n\n\n<p><\/p>\n\n\n\n<p><\/p>\n\n\n\n<p><\/p>\n","protected":false},"excerpt":{"rendered":"<p>Die B\u00fcrgerforen im Jahr 2026 finden immer am Mittwoch statt, an folgenden Daten: 25. M\u00e4rz, 17. Juni, 19. August, 4. November Beginn jeweils 20 Uhr Ort: Saal im Katholischen Kirchgemeindehaus, Weesen An der \u00f6ffentlichen Diskussionsrunde vom 25. M\u00e4rz 2026 kommen folgende Themen zur Sprache: Politische Gemeinde:&#8211; Vorstellung des neuen Gesch\u00e4ftsberichtes: digital verf\u00fcgbar via QR-Code&#8211; Ausf\u00fchrungen &hellip; <\/p>\n<p class=\"link-more\"><a href=\"http:\/\/forum-weesen.ch\/\" class=\"more-link\"><span class=\"screen-reader-text\">\u201eForum\u201c<\/span> weiterlesen<\/a><\/p>\n","protected":false},"author":1,"featured_media":0,"parent":0,"menu_order":0,"comment_status":"closed","ping_status":"closed","template":"","meta":{"footnotes":""},"_links":{"self":[{"href":"http:\/\/forum-weesen.ch\/index.php?rest_route=\/wp\/v2\/pages\/6"}],"collection":[{"href":"http:\/\/forum-weesen.ch\/index.php?rest_route=\/wp\/v2\/pages"}],"about":[{"href":"http:\/\/forum-weesen.ch\/index.php?rest_route=\/wp\/v2\/types\/page"}],"author":[{"embeddable":true,"href":"http:\/\/forum-weesen.ch\/index.php?rest_route=\/wp\/v2\/users\/1"}],"replies":[{"embeddable":true,"href":"http:\/\/forum-weesen.ch\/index.php?rest_route=%2Fwp%2Fv2%2Fcomments&post=6"}],"version-history":[{"count":40,"href":"http:\/\/forum-weesen.ch\/index.php?rest_route=\/wp\/v2\/pages\/6\/revisions"}],"predecessor-version":[{"id":192,"href":"http:\/\/forum-weesen.ch\/index.php?rest_route=\/wp\/v2\/pages\/6\/revisions\/192"}],"wp:attachment":[{"href":"http:\/\/forum-weesen.ch\/index.php?rest_route=%2Fwp%2Fv2%2Fmedia&parent=6"}],"curies":[{"name":"wp","href":"https:\/\/api.w.org\/{rel}","templated":true}]}}