{"id":13,"date":"2018-09-06T15:31:58","date_gmt":"2018-09-06T13:31:58","guid":{"rendered":"http:\/\/forum-weesen.ch\/?page_id=13"},"modified":"2022-10-31T12:28:55","modified_gmt":"2022-10-31T12:28:55","slug":"ziel","status":"publish","type":"page","link":"http:\/\/forum-weesen.ch\/?page_id=13","title":{"rendered":"Ziele"},"content":{"rendered":"<p><strong>WAS<\/strong><\/p>\n<p>Das Forum Weesen sieht sich als unabh\u00e4ngiges Bindeglied zwischen Beh\u00f6rden und Bev\u00f6lkerung; die Ideen, Sorgen und Anliegen der Bev\u00f6lkerung wie der Beh\u00f6rden werden am Forum einander n\u00e4her gebracht und konstruktiv diskutiert.<br \/>\nIdeenpool: das Forum sammelt Anliegen aus der Bev\u00f6lkerung sowie aus den Beh\u00f6rden, entwickelt und f\u00f6rdert sie weiter.<br \/>\nBesetzung von Wahlgremien: das Forum beh\u00e4lt die \u00dcbersicht \u00fcber die frei werdenden \u00c4mter und initiiert geeignete Wahlgremien aus Beh\u00f6rden, Verwaltung und Bev\u00f6lkerung, um die Vakanzen ad\u00e4quat zu besetzen.<\/p>\n<p><strong>WER<\/strong><br \/>\nAlle Einwohnenden von Weesen (und Fli-Amden) sind herzlich eingeladen, am Forum mitzuwirken.<br \/>\nDie Zusammensetzung des OK-Forum findet sich untenstehend.<\/p>\n<p><strong>WIE<\/strong><br \/>\nAllgemeines \u201cB\u00fcrger-Forum\u201d, eine \u00f6ffentliche Veranstaltung, d.h. eine Diskussion unter der Leitung eines Moderators oder einer Moderatorin. Durchf\u00fchrung in der Regel zweimal pro Jahr.<br \/>\nZudem setzt sich das OK-Forum ein bis zweimal pro Jahr mit den Pr\u00e4sidentinnen und Pr\u00e4sidenten der politischen Gemeinde und der Schulgemeinde, sowie mit anderen Interessierten zusammen, um im Austausch geeignete Themen zu identifizieren und f\u00fcr \u00f6ffentliche Diskussionsrunden geeignet aufzubereiten.<\/p>\n","protected":false},"excerpt":{"rendered":"<p>WAS Das Forum Weesen sieht sich als unabh\u00e4ngiges Bindeglied zwischen Beh\u00f6rden und Bev\u00f6lkerung; die Ideen, Sorgen und Anliegen der Bev\u00f6lkerung wie der Beh\u00f6rden werden am Forum einander n\u00e4her gebracht und konstruktiv diskutiert. Ideenpool: das Forum sammelt Anliegen aus der Bev\u00f6lkerung sowie aus den Beh\u00f6rden, entwickelt und f\u00f6rdert sie weiter. Besetzung von Wahlgremien: das Forum beh\u00e4lt &hellip; <\/p>\n<p class=\"link-more\"><a href=\"http:\/\/forum-weesen.ch\/?page_id=13\" class=\"more-link\"><span class=\"screen-reader-text\">\u201eZiele\u201c<\/span> weiterlesen<\/a><\/p>\n","protected":false},"author":1,"featured_media":0,"parent":0,"menu_order":0,"comment_status":"closed","ping_status":"closed","template":"","meta":{"footnotes":""},"_links":{"self":[{"href":"http:\/\/forum-weesen.ch\/index.php?rest_route=\/wp\/v2\/pages\/13"}],"collection":[{"href":"http:\/\/forum-weesen.ch\/index.php?rest_route=\/wp\/v2\/pages"}],"about":[{"href":"http:\/\/forum-weesen.ch\/index.php?rest_route=\/wp\/v2\/types\/page"}],"author":[{"embeddable":true,"href":"http:\/\/forum-weesen.ch\/index.php?rest_route=\/wp\/v2\/users\/1"}],"replies":[{"embeddable":true,"href":"http:\/\/forum-weesen.ch\/index.php?rest_route=%2Fwp%2Fv2%2Fcomments&post=13"}],"version-history":[{"count":4,"href":"http:\/\/forum-weesen.ch\/index.php?rest_route=\/wp\/v2\/pages\/13\/revisions"}],"predecessor-version":[{"id":100,"href":"http:\/\/forum-weesen.ch\/index.php?rest_route=\/wp\/v2\/pages\/13\/revisions\/100"}],"wp:attachment":[{"href":"http:\/\/forum-weesen.ch\/index.php?rest_route=%2Fwp%2Fv2%2Fmedia&parent=13"}],"curies":[{"name":"wp","href":"https:\/\/api.w.org\/{rel}","templated":true}]}}